{"id":596,"date":"2017-04-26T17:13:12","date_gmt":"2017-04-26T17:13:12","guid":{"rendered":"https:\/\/fluffypurr-cattery.eu\/%d0%b3%d0%bb%d0%b0%d0%b2%d0%bd%d0%b0%d1%8f\/"},"modified":"2024-05-14T18:55:37","modified_gmt":"2024-05-14T18:55:37","slug":"%d0%b3%d0%bb%d0%b0%d0%b2%d0%bd%d0%b0%d1%8f","status":"publish","type":"page","link":"https:\/\/fluffypurr-cattery.eu\/et\/","title":{"rendered":"Pealeht"},"content":{"rendered":"<div class=\"wpb-content-wrapper\">[mk_page_section bg_color=&#8221;#8f51b6&#8243; full_width=&#8221;true&#8221; padding_top=&#8221;0&#8243; padding_bottom=&#8221;0&#8243; sidebar=&#8221;sidebar-1&#8243;][vc_column][mk_edge_slider first_el=&#8221;true&#8221; swiper_bg=&#8221;#0a0404&#8243; parallax=&#8221;true&#8221; order=&#8221;ASC&#8221; full_height=&#8221;false&#8221; height=&#8221;800&#8243; animation_effect=&#8221;fade&#8221; pagination=&#8221;none&#8221; skip_arrow=&#8221;false&#8221;][\/vc_column][\/mk_page_section][vc_row fullwidth=&#8221;true&#8221;][vc_column][mk_divider style=&#8221;thin_solid&#8221; thin_color_style=&#8221;gradient_color&#8221; thin_grandient_color_from=&#8221;#8f51b6&#8243; thin_grandient_color_to=&#8221;#d483be&#8221; thin_gradient_color_angle=&#8221;horizontal&#8221; thin_grandient_color_fallback=&#8221;#d483be&#8221; thickness=&#8221;5&#8243; margin_top=&#8221;0&#8243; margin_bottom=&#8221;0&#8243;][\/vc_column][\/vc_row][mk_page_section layout_structure=&#8221;half_left&#8221; bg_image=&#8221;https:\/\/fluffypurr-cattery.eu\/wp-content\/uploads\/2017\/04\/img_3980.jpg&#8221; full_width=&#8221;true&#8221; padding_top=&#8221;80&#8243; padding_bottom=&#8221;80&#8243;][vc_column][mk_fancy_title color=&#8221;#282828&#8243; size=&#8221;40&#8243; force_font_size=&#8221;true&#8221; size_smallscreen=&#8221;20&#8243; size_tablet=&#8221;20&#8243; size_phone=&#8221;20&#8243; font_weight=&#8221;bold&#8221; txt_transform=&#8221;uppercase&#8221; font_family=&#8221;none&#8221; align=&#8221;center&#8221;]fluffypurr cattery[\/mk_fancy_title][mk_image src=&#8221;https:\/\/fluffypurr-cattery.eu\/wp-content\/uploads\/2017\/04\/divider-2.svg&#8221; image_width=&#8221;200&#8243; image_height=&#8221;26&#8243; align=&#8221;center&#8221; margin_bottom=&#8221;30&#8243;][vc_column_text align=&#8221;center&#8221;]\n<h4>\u0160IN\u0160ILLA \u2013 p\u00e4rsia kasside ERILIIK<\/h4>\n<p>Nende nimetus kinnistus 20-ndal sajandil, siis kui ilmusid selle t\u00f5u esimesed esindajad. P\u00e4rsia \u0161in\u0161illade kodumaaks on peetud USA-d ja Suurbritanniat. Aga, v\u00e4lja arvatud nimi, ei oma p\u00e4rsia \u0161in\u0161illad midagi \u00fchist samanimelise n\u00e4rilisega. Nende kasside kasukas sarnaneb rohkem \u201esinirebasele\u201c, p\u00f5hjast hele ja otstest tume, seejuures tumedad karvad paiknevad peas, seljal, saba peal.<\/p>\n<p>T\u00e4nu sellele tundub, et kassi kasukas on kaetud ilusa looriga, mis paneb karva helklema ja s\u00e4delema.<br \/>\nP\u00e4rsia \u0161in\u0161illadel on mitmeid eriliike: h\u00f5bedane, kuldne, helesinine, lilla, \u0161okolaadikarva (s\u00f5ltuvalt aluskarvast). Meie kasvanduses on esindatud: \u0161in\u0161illa, tuhm h\u00f5bedane ja tuhm kuldne.<\/p>\n<p>Nad eristuvad suurte musta v\u00f5ruga smaragd-roheliste silmade poolest. Samasugune v\u00f5ru kordub \u00fcmber huulte, ninal ja k\u00e4ppade padjakestel. P\u00e4rsia \u0161in\u0161illat loetakse \u00f5igustatult \u00fcheks k\u00f5ige ilusamaks kassit\u00f5uks. T\u00e4nu oma ilule osutub loom tihti v\u00f5itjaks kassin\u00e4itustel.[\/vc_column_text][\/vc_column][\/mk_page_section][vc_row fullwidth=&#8221;true&#8221; equal_columns=&#8221;true&#8221; el_class=&#8221;ten&#8221;][vc_column width=&#8221;1\/3&#8243; css=&#8221;.vc_custom_1493229849489{padding-top: 60px !important;padding-right: 20px !important;padding-bottom: 60px !important;padding-left: 20px !important;background-image: url(https:\/\/fluffypurr-cattery.eu\/wp-content\/uploads\/2017\/04\/sm.jpg?id=44) !important;background-position: center !important;background-repeat: no-repeat !important;background-size: cover !important;}&#8221; el_class=&#8221;shadow&#8221;]<div class=\"aio-icon-component    style_2\"><div id=\"Info-box-wrap-8320\" class=\"aio-icon-box top-icon\" style=\"\"  ><div class=\"aio-icon-top\"><div class=\"ult-just-icon-wrapper  \"><div class=\"align-icon\" style=\"text-align:center;\">\n<div class=\"aio-icon none \"  style=\"color:#8f51b6;font-size:42px;display:inline-block;\">\n\t<i class=\"Defaults-heart\"><\/i>\n<\/div><\/div><\/div><\/div><div class=\"aio-icon-header\" ><h3 class=\"aio-icon-title ult-responsive\"  data-ultimate-target='#Info-box-wrap-8320 .aio-icon-title'  data-responsive-json-new='{\"font-size\":\"\",\"line-height\":\"\"}'  style=\"\">MIKS P\u00c4RSLASED?<\/h3><\/div> <!-- header --><div class=\"aio-icon-description ult-responsive\"  data-ultimate-target='#Info-box-wrap-8320 .aio-icon-description'  data-responsive-json-new='{\"font-size\":\"\",\"line-height\":\"\"}'  style=\"\">P\u00e4rsia \u0161in\u0161illa on kaslaste perekonna aristokraat. P\u00e4rslased on targad, rahulikud, hellad. Nad tekitavad rahustamise ja vaikuse atmosf\u00e4\u00e4ri, nad omavad kordumatuid iseloomujooni, mis muudavad nendega suhtlemise huvitavaks.<\/div> <!-- description --><\/div> <!-- aio-icon-box --><\/div> <!-- aio-icon-component -->[\/vc_column][vc_column width=&#8221;1\/3&#8243; css=&#8221;.vc_custom_1493229856757{padding-top: 60px !important;padding-right: 20px !important;padding-bottom: 60px !important;padding-left: 20px !important;background-image: url(https:\/\/fluffypurr-cattery.eu\/wp-content\/uploads\/2017\/04\/sm.jpg?id=44) !important;background-position: center !important;background-repeat: no-repeat !important;background-size: cover !important;}&#8221; el_class=&#8221;shadow&#8221;]<div class=\"aio-icon-component    style_2\"><div id=\"Info-box-wrap-6552\" class=\"aio-icon-box top-icon\" style=\"\"  ><div class=\"aio-icon-top\"><div class=\"ult-just-icon-wrapper  \"><div class=\"align-icon\" style=\"text-align:center;\">\n<div class=\"aio-icon none \"  style=\"color:#8f51b6;font-size:42px;display:inline-block;\">\n\t<i class=\"Defaults-trophy\"><\/i>\n<\/div><\/div><\/div><\/div><div class=\"aio-icon-header\" ><h3 class=\"aio-icon-title ult-responsive\"  data-ultimate-target='#Info-box-wrap-6552 .aio-icon-title'  data-responsive-json-new='{\"font-size\":\"\",\"line-height\":\"\"}'  style=\"\">SAAVUTUSED<\/h3><\/div> <!-- header --><div class=\"aio-icon-description ult-responsive\"  data-ultimate-target='#Info-box-wrap-6552 .aio-icon-description'  data-responsive-json-new='{\"font-size\":\"\",\"line-height\":\"\"}'  style=\"\">Meie kasvandikud osalevad regulaarselt erinevatel kassin\u00e4itustel. Meie edusammudest saate teada minnes lehele \u201cN\u00e4itused\u201c.<\/div> <!-- description --><\/div> <!-- aio-icon-box --><\/div> <!-- aio-icon-component -->[\/vc_column][vc_column width=&#8221;1\/3&#8243; css=&#8221;.vc_custom_1493229861931{padding-top: 60px !important;padding-right: 20px !important;padding-bottom: 60px !important;padding-left: 20px !important;background-image: url(https:\/\/fluffypurr-cattery.eu\/wp-content\/uploads\/2017\/04\/sm.jpg?id=44) !important;background-position: center !important;background-repeat: no-repeat !important;background-size: cover !important;}&#8221; el_class=&#8221;shadow&#8221;]<div class=\"aio-icon-component    style_2\"><div id=\"Info-box-wrap-4774\" class=\"aio-icon-box top-icon\" style=\"\"  ><div class=\"aio-icon-top\"><div class=\"ult-just-icon-wrapper  \"><div class=\"align-icon\" style=\"text-align:center;\">\n<div class=\"aio-icon none \"  style=\"color:#8f51b6;font-size:42px;display:inline-block;\">\n\t<i class=\"Defaults-calendar\"><\/i>\n<\/div><\/div><\/div><\/div><div class=\"aio-icon-header\" ><h3 class=\"aio-icon-title ult-responsive\"  data-ultimate-target='#Info-box-wrap-4774 .aio-icon-title'  data-responsive-json-new='{\"font-size\":\"\",\"line-height\":\"\"}'  style=\"\">UUDISED<\/h3><\/div> <!-- header --><div class=\"aio-icon-description ult-responsive\"  data-ultimate-target='#Info-box-wrap-4774 .aio-icon-description'  data-responsive-json-new='{\"font-size\":\"\",\"line-height\":\"\"}'  style=\"\">Tervitame Teid meie kasvanduse uuel kodulehel, tere tulemast meie gruppi <a href=\"http:\/\/facebook.com\/fluffypurrcattery\" target=\"_blank\" rel=\"noopener\">facebook.com\/fluffypurrcattery<\/a><\/div> <!-- description --><\/div> <!-- aio-icon-box --><\/div> <!-- aio-icon-component -->[\/vc_column][\/vc_row][mk_page_section full_width=&#8221;true&#8221; padding_top=&#8221;80&#8243; padding_bottom=&#8221;80&#8243; sidebar=&#8221;sidebar-1&#8243;][vc_column width=&#8221;1\/12&#8243;][\/vc_column][vc_column width=&#8221;5\/12&#8243;][mk_fancy_title color=&#8221;#282828&#8243; size=&#8221;40&#8243; force_font_size=&#8221;true&#8221; size_smallscreen=&#8221;20&#8243; size_tablet=&#8221;20&#8243; size_phone=&#8221;20&#8243; font_weight=&#8221;bold&#8221; txt_transform=&#8221;uppercase&#8221; font_family=&#8221;none&#8221; align=&#8221;center&#8221;]fluffypurr cattery[\/mk_fancy_title][mk_image src=&#8221;https:\/\/fluffypurr-cattery.eu\/wp-content\/uploads\/2017\/04\/divider-2.svg&#8221; image_width=&#8221;200&#8243; image_height=&#8221;26&#8243; align=&#8221;center&#8221; margin_bottom=&#8221;30&#8243;][vc_column_text align=&#8221;center&#8221; css=&#8221;.vc_custom_1715712937214{margin-bottom: 0px !important;}&#8221;]\n<h4>TERE TULEMAST KASVANDUSE \u00abFLUFFYPURR\u00bb KODULEHELE!<\/h4>\n<p>Minu nimi on Larisa Berkhan ja ma olen r\u00f5\u00f5mus, et Te k\u00fclastasite p\u00e4rsia kasside kodulehte \u00abFLUFFYPURR\u00bb, mille omanikuks ma olen. Meie kasvandus asub Eesti Vabariigis Tallinnas, on registreeritud WCF-s (reg. nr 11176-2016) 2016. aastal ja on klubi \u00abSELENE TIGER\u00bb liige. Kasvandus spetsialiseerub \u0161in\u0161illa p\u00e4rsia kasside kasvatamisele.<\/p>\n<p>Armastus nende imeliselt ilusate kasside vastu algas 1999- l aastal, kui meie majja ilmus imeilus olevus nimega Velena. Sellest ajast on suurep\u00e4rased \u0161in\u0161illa p\u00e4rsia kassid meie lemmikt\u00f5ug. K\u00f5ik meie kasvandikud on armastatud, \u00fcmbritsetud hoole ja t\u00e4helepanuga, olles pere t\u00e4ie\u00f5iguslikud liikmed. Kasvanduse eesm\u00e4rgiks on saada terveid, maksimaalselt t\u00f5u standardile vastavaid loomi, aga samuti meie kassidele parimate peremeeste otsimine.<\/p>\n<p>Kui Teie, nii nagu mina, armastate seda suurep\u00e4rast t\u00f5ugu v\u00f5i ei ole veel tuttavad temaga, aga tahaksite omada kodus t\u00f5elist h\u00e4mmastavat \u0161in\u0161illa p\u00e4rsia t\u00f5ukassi \u2013 siis v\u00f5tke meiega \u00fchendust.[\/vc_column_text][\/vc_column][vc_column width=&#8221;5\/12&#8243;][mk_image src=&#8221;https:\/\/fluffypurr-cattery.eu\/wp-content\/uploads\/2017\/04\/collage.jpg&#8221; image_size=&#8221;full&#8221; align=&#8221;center&#8221;][\/vc_column][vc_column width=&#8221;1\/12&#8243;][\/vc_column][\/mk_page_section][vc_row fullwidth=&#8221;true&#8221;][vc_column][mk_divider style=&#8221;thin_solid&#8221; thin_color_style=&#8221;gradient_color&#8221; thin_grandient_color_from=&#8221;#d483be&#8221; thin_grandient_color_to=&#8221;#8f51b6&#8243; thin_gradient_color_angle=&#8221;horizontal&#8221; thin_grandient_color_fallback=&#8221;#d483be&#8221; thickness=&#8221;5&#8243; margin_top=&#8221;0&#8243; margin_bottom=&#8221;0&#8243;][\/vc_column][\/vc_row][mk_page_section bg_image=&#8221;https:\/\/fluffypurr-cattery.eu\/wp-content\/uploads\/2017\/04\/white-fur-texture.jpg&#8221; bg_position=&#8221;center bottom&#8221; bg_repeat=&#8221;no-repeat&#8221; bg_stretch=&#8221;true&#8221; enable_3d=&#8221;true&#8221; video_mask=&#8221;true&#8221; video_color_mask=&#8221;#000000&#8243; video_opacity=&#8221;0.1&#8243; full_width=&#8221;true&#8221; padding_top=&#8221;80&#8243; padding_bottom=&#8221;90&#8243; sidebar=&#8221;sidebar-1&#8243;][vc_column width=&#8221;1\/12&#8243;][\/vc_column][vc_column width=&#8221;10\/12&#8243;][mk_fancy_title color=&#8221;#ffffff&#8221; size=&#8221;40&#8243; force_font_size=&#8221;true&#8221; size_smallscreen=&#8221;20&#8243; size_tablet=&#8221;20&#8243; size_phone=&#8221;20&#8243; font_weight=&#8221;bold&#8221; txt_transform=&#8221;uppercase&#8221; font_family=&#8221;none&#8221; align=&#8221;center&#8221;]Meie sertifikaatid[\/mk_fancy_title][mk_image src=&#8221;https:\/\/fluffypurr-cattery.eu\/wp-content\/uploads\/2017\/04\/divider-show-white-1.svg&#8221; image_width=&#8221;200&#8243; image_height=&#8221;26&#8243; align=&#8221;center&#8221; margin_bottom=&#8221;30&#8243;][vc_row_inner][vc_column_inner width=&#8221;1\/4&#8243;][mk_image src=&#8221;https:\/\/fluffypurr-cattery.eu\/wp-content\/uploads\/2017\/04\/fluffypurr.jpg&#8221; image_size=&#8221;full&#8221; link=&#8221;https:\/\/fluffypurr-cattery.eu\/wp-content\/uploads\/2017\/05\/fluffypurr.pdf&#8221; target=&#8221;_blank&#8221; el_class=&#8221;shadow&#8221;][\/vc_column_inner][vc_column_inner width=&#8221;1\/4&#8243;][mk_image src=&#8221;https:\/\/fluffypurr-cattery.eu\/wp-content\/uploads\/2017\/04\/jasmin.jpg&#8221; image_size=&#8221;full&#8221; link=&#8221;https:\/\/fluffypurr-cattery.eu\/wp-content\/uploads\/2017\/08\/jasmin.pdf&#8221; target=&#8221;_blank&#8221; el_class=&#8221;shadow&#8221;][\/vc_column_inner][vc_column_inner width=&#8221;1\/4&#8243;][mk_image src=&#8221;https:\/\/fluffypurr-cattery.eu\/wp-content\/uploads\/2017\/04\/yui.jpg&#8221; image_size=&#8221;full&#8221; link=&#8221;https:\/\/fluffypurr-cattery.eu\/wp-content\/uploads\/2017\/08\/juki.pdf&#8221; target=&#8221;_blank&#8221; el_class=&#8221;shadow&#8221;][\/vc_column_inner][vc_column_inner width=&#8221;1\/4&#8243;][mk_image src=&#8221;https:\/\/fluffypurr-cattery.eu\/wp-content\/uploads\/2017\/04\/moris.jpg&#8221; image_size=&#8221;full&#8221; link=&#8221;https:\/\/fluffypurr-cattery.eu\/wp-content\/uploads\/2017\/08\/moris.pdf&#8221; target=&#8221;_blank&#8221; el_class=&#8221;shadow&#8221;][\/vc_column_inner][\/vc_row_inner][\/vc_column][vc_column width=&#8221;1\/12&#8243;][\/vc_column][\/mk_page_section][mk_page_section min_height=&#8221;0&#8243; full_width=&#8221;true&#8221; padding_top=&#8221;0&#8243; padding_bottom=&#8221;0&#8243; el_class=&#8221;cat-carousel&#8221; sidebar=&#8221;sidebar-1&#8243;][vc_column]<div class=\"cqcarousel-container \" data-slidestoshow=\"7\" data-thumbstoshow=\"7\" data-dots=\"no\" data-arrows=\"yes\" data-isgallery=\"\" data-largeimagearrows=\"yes\" data-autoplay=\"no\" data-autoplayspeed=\"4000\" data-containerwidth=\"100%\" data-containermaxwidth=\"100%\" data-imgnum=\"7\" data-bottomversion=\"\" data-dotbottom=\"\" data-lightboxmode=\"boxer\"><div class=\"carousel-thumb \"><div title=\"\"><a href=\"https:\/\/fluffypurr-cattery.eu\/wp-content\/uploads\/2017\/04\/img_4166.jpg\" class=\"cqcarousel-item\"><img decoding=\"async\" src=\"https:\/\/fluffypurr-cattery.eu\/wp-content\/uploads\/2017\/04\/img_4166-400x280.jpg\" alt=\"\" title=\"img_4166\" \/><\/a><\/div><div title=\"\"><a href=\"https:\/\/fluffypurr-cattery.eu\/wp-content\/uploads\/2017\/04\/img_3445.jpg\" class=\"cqcarousel-item\"><img decoding=\"async\" src=\"https:\/\/fluffypurr-cattery.eu\/wp-content\/uploads\/2017\/04\/img_3445-400x280.jpg\" alt=\"\" title=\"img_3445\" \/><\/a><\/div><div title=\"\"><a href=\"https:\/\/fluffypurr-cattery.eu\/wp-content\/uploads\/2017\/04\/img_3462.jpg\" class=\"cqcarousel-item\"><img decoding=\"async\" src=\"https:\/\/fluffypurr-cattery.eu\/wp-content\/uploads\/2017\/04\/img_3462-400x280.jpg\" alt=\"\" title=\"img_3462\" \/><\/a><\/div><div title=\"\"><a href=\"https:\/\/fluffypurr-cattery.eu\/wp-content\/uploads\/2017\/04\/img_0542.jpg\" class=\"cqcarousel-item\"><img decoding=\"async\" src=\"https:\/\/fluffypurr-cattery.eu\/wp-content\/uploads\/2017\/04\/img_0542-400x280.jpg\" alt=\"\" title=\"img_0542\" \/><\/a><\/div><div title=\"\"><a href=\"https:\/\/fluffypurr-cattery.eu\/wp-content\/uploads\/2017\/04\/img_3459.jpg\" class=\"cqcarousel-item\"><img decoding=\"async\" src=\"https:\/\/fluffypurr-cattery.eu\/wp-content\/uploads\/2017\/04\/img_3459-400x280.jpg\" alt=\"\" title=\"img_3459\" \/><\/a><\/div><div title=\"\"><a href=\"https:\/\/fluffypurr-cattery.eu\/wp-content\/uploads\/2017\/04\/img_4159.jpg\" class=\"cqcarousel-item\"><img decoding=\"async\" src=\"https:\/\/fluffypurr-cattery.eu\/wp-content\/uploads\/2017\/04\/img_4159-400x280.jpg\" alt=\"\" title=\"img_4159\" \/><\/a><\/div><div title=\"\"><a href=\"https:\/\/fluffypurr-cattery.eu\/wp-content\/uploads\/2017\/04\/img_3447.jpg\" class=\"cqcarousel-item\"><img decoding=\"async\" src=\"https:\/\/fluffypurr-cattery.eu\/wp-content\/uploads\/2017\/04\/img_3447-400x280.jpg\" alt=\"\" title=\"img_3447\" \/><\/a><\/div><\/div><\/div>[\/vc_column][\/mk_page_section]\n<\/div>","protected":false},"excerpt":{"rendered":"<p>[mk_page_section bg_color=&#8221;#8f51b6&#8243; full_width=&#8221;true&#8221; padding_top=&#8221;0&#8243; padding_bottom=&#8221;0&#8243; sidebar=&#8221;sidebar-1&#8243;][vc_column][mk_edge_slider first_el=&#8221;true&#8221; swiper_bg=&#8221;#0a0404&#8243; parallax=&#8221;true&#8221; order=&#8221;ASC&#8221; full_height=&#8221;false&#8221; height=&#8221;800&#8243; animation_effect=&#8221;fade&#8221; pagination=&#8221;none&#8221; skip_arrow=&#8221;false&#8221;][\/vc_column][\/mk_page_section][vc_row fullwidth=&#8221;true&#8221;][vc_column][mk_divider style=&#8221;thin_solid&#8221; thin_color_style=&#8221;gradient_color&#8221; thin_grandient_color_from=&#8221;#8f51b6&#8243; thin_grandient_color_to=&#8221;#d483be&#8221; thin_gradient_color_angle=&#8221;horizontal&#8221; thin_grandient_color_fallback=&#8221;#d483be&#8221; thickness=&#8221;5&#8243; margin_top=&#8221;0&#8243; margin_bottom=&#8221;0&#8243;][\/vc_column][\/vc_row][mk_page_section layout_structure=&#8221;half_left&#8221; bg_image=&#8221;https:\/\/fluffypurr-cattery.eu\/wp-content\/uploads\/2017\/04\/img_3980.jpg&#8221; full_width=&#8221;true&#8221; padding_top=&#8221;80&#8243; padding_bottom=&#8221;80&#8243;][vc_column][mk_fancy_title color=&#8221;#282828&#8243; size=&#8221;40&#8243; force_font_size=&#8221;true&#8221; size_smallscreen=&#8221;20&#8243; size_tablet=&#8221;20&#8243; size_phone=&#8221;20&#8243; font_weight=&#8221;bold&#8221; txt_transform=&#8221;uppercase&#8221; font_family=&#8221;none&#8221; align=&#8221;center&#8221;]fluffypurr cattery[\/mk_fancy_title][mk_image src=&#8221;https:\/\/fluffypurr-cattery.eu\/wp-content\/uploads\/2017\/04\/divider-2.svg&#8221; image_width=&#8221;200&#8243; image_height=&#8221;26&#8243; align=&#8221;center&#8221; margin_bottom=&#8221;30&#8243;][vc_column_text align=&#8221;center&#8221;] \u0160IN\u0160ILLA \u2013 p\u00e4rsia kasside ERILIIK Nende nimetus kinnistus [&hellip;]<\/p>\n","protected":false},"author":1,"featured_media":0,"parent":0,"menu_order":0,"comment_status":"closed","ping_status":"closed","template":"","meta":{"inline_featured_image":false,"footnotes":""},"_links":{"self":[{"href":"https:\/\/fluffypurr-cattery.eu\/et\/wp-json\/wp\/v2\/pages\/596"}],"collection":[{"href":"https:\/\/fluffypurr-cattery.eu\/et\/wp-json\/wp\/v2\/pages"}],"about":[{"href":"https:\/\/fluffypurr-cattery.eu\/et\/wp-json\/wp\/v2\/types\/page"}],"author":[{"embeddable":true,"href":"https:\/\/fluffypurr-cattery.eu\/et\/wp-json\/wp\/v2\/users\/1"}],"replies":[{"embeddable":true,"href":"https:\/\/fluffypurr-cattery.eu\/et\/wp-json\/wp\/v2\/comments?post=596"}],"version-history":[{"count":7,"href":"https:\/\/fluffypurr-cattery.eu\/et\/wp-json\/wp\/v2\/pages\/596\/revisions"}],"predecessor-version":[{"id":1928,"href":"https:\/\/fluffypurr-cattery.eu\/et\/wp-json\/wp\/v2\/pages\/596\/revisions\/1928"}],"wp:attachment":[{"href":"https:\/\/fluffypurr-cattery.eu\/et\/wp-json\/wp\/v2\/media?parent=596"}],"curies":[{"name":"wp","href":"https:\/\/api.w.org\/{rel}","templated":true}]}}