{"id":608,"date":"2017-04-27T22:43:42","date_gmt":"2017-04-27T22:43:42","guid":{"rendered":"https:\/\/fluffypurr-cattery.eu\/%d0%ba%d0%be%d1%88%d0%ba%d0%b8\/"},"modified":"2017-11-15T14:58:51","modified_gmt":"2017-11-15T14:58:51","slug":"kassid-emased","status":"publish","type":"page","link":"https:\/\/fluffypurr-cattery.eu\/et\/kassid-emased\/","title":{"rendered":"Kassid (emased)"},"content":{"rendered":"[mk_page_section full_width=&#8221;true&#8221; padding_top=&#8221;100&#8243; padding_bottom=&#8221;50&#8243; sidebar=&#8221;sidebar-1&#8243;][vc_column width=&#8221;1\/12&#8243;][\/vc_column][vc_column width=&#8221;5\/12&#8243; css=&#8221;.vc_custom_1497459923196{margin-right: 30px !important;padding-bottom: 15px !important;}&#8221;][mk_padding_divider size=&#8221;70&#8243;][mk_fancy_title color=&#8221;#282828&#8243; size=&#8221;40&#8243; force_font_size=&#8221;true&#8221; size_smallscreen=&#8221;20&#8243; size_tablet=&#8221;20&#8243; size_phone=&#8221;20&#8243; font_weight=&#8221;bold&#8221; txt_transform=&#8221;uppercase&#8221; font_family=&#8221;none&#8221; responsive_align=&#8221;left&#8221;]CH WCF Jasmin Snow Dream[\/mk_fancy_title][vc_column_text]\u0160in\u0161illa kassikene, suurep\u00e4rase valge karvaga ja kerge, veidi n\u00e4htava tumeda looriga seljal. Suurte smaragd-roheliste silmade omanik, milledesse on v\u00f5imatu mitte armuda!<\/p>\n<p>Kaasaegne t\u00fc\u00fcp \u00abBabe\u00a0Face\u00bb. Meie esmas\u00fcndinu. V\u00e4ga tark, iseloomuga, armastab m\u00e4ngida ja on alati kodusolijate k\u00f5rval. Meie printsess!<\/p>\n<p><strong>Jumaldame seda kassikest!<\/strong>[\/vc_column_text][mk_button_gradient dimension=&#8221;flat&#8221; size=&#8221;medium&#8221; corner_style=&#8221;full_rounded&#8221; grandient_color_from=&#8221;#8f51b6&#8243; grandient_color_to=&#8221;#d483be&#8221; grandient_color_angle=&#8221;diagonal_left_top&#8221; url=&#8221;https:\/\/fluffypurr-cattery.eu\/wp-content\/uploads\/2017\/08\/jasmin.pdf&#8221; target=&#8221;_blank&#8221; margin_top=&#8221;10&#8243; margin_bottom=&#8221;0&#8243;]Sugupuu[\/mk_button_gradient][mk_button_gradient dimension=&#8221;flat&#8221; size=&#8221;medium&#8221; corner_style=&#8221;full_rounded&#8221; grandient_color_from=&#8221;#8f51b6&#8243; grandient_color_to=&#8221;#d483be&#8221; grandient_color_angle=&#8221;diagonal_left_top&#8221; url=&#8221;https:\/\/fluffypurr-cattery.eu\/wp-content\/uploads\/2017\/08\/jasmin-snow-dream-diplom-ch.pdf&#8221; target=&#8221;_blank&#8221; margin_top=&#8221;10&#8243; margin_bottom=&#8221;0&#8243;]T\u0161empioni tunnistus[\/mk_button_gradient][\/vc_column][vc_column width=&#8221;5\/12&#8243;]<div id=\"ult-carousel-134299083969e370b0bd92e\" class=\"ult-carousel-wrapper   ult_horizontal\" data-gutter=\"15\" data-rtl=\"false\" ><div class=\"ult-carousel-65220092769e370b0bd8c8 \" >[mk_image src=&#8221;https:\/\/fluffypurr-cattery.eu\/wp-content\/uploads\/2017\/04\/img_3981.jpg&#8221; image_size=&#8221;full&#8221;][mk_image src=&#8221;https:\/\/fluffypurr-cattery.eu\/wp-content\/uploads\/2017\/04\/11.jpg&#8221; image_size=&#8221;full&#8221;][mk_image src=&#8221;https:\/\/fluffypurr-cattery.eu\/wp-content\/uploads\/2017\/04\/10.jpg&#8221; image_size=&#8221;full&#8221;][mk_image src=&#8221;https:\/\/fluffypurr-cattery.eu\/wp-content\/uploads\/2017\/04\/7.jpg&#8221; image_size=&#8221;full&#8221;][mk_image src=&#8221;https:\/\/fluffypurr-cattery.eu\/wp-content\/uploads\/2017\/04\/8.jpg&#8221; image_size=&#8221;full&#8221;][mk_image src=&#8221;https:\/\/fluffypurr-cattery.eu\/wp-content\/uploads\/2017\/04\/3.jpg&#8221; image_size=&#8221;full&#8221;][mk_image src=&#8221;https:\/\/fluffypurr-cattery.eu\/wp-content\/uploads\/2017\/04\/4.jpg&#8221; image_size=&#8221;full&#8221;][mk_image src=&#8221;https:\/\/fluffypurr-cattery.eu\/wp-content\/uploads\/2017\/04\/5.jpg&#8221; image_size=&#8221;full&#8221;][mk_image src=&#8221;https:\/\/fluffypurr-cattery.eu\/wp-content\/uploads\/2017\/04\/6.jpg&#8221; image_size=&#8221;full&#8221;][mk_image src=&#8221;https:\/\/fluffypurr-cattery.eu\/wp-content\/uploads\/2017\/04\/2.jpg&#8221; image_size=&#8221;full&#8221;][mk_image src=&#8221;https:\/\/fluffypurr-cattery.eu\/wp-content\/uploads\/2017\/04\/12.jpg&#8221; image_size=&#8221;full&#8221;][mk_image src=&#8221;https:\/\/fluffypurr-cattery.eu\/wp-content\/uploads\/2017\/04\/13.jpg&#8221; image_size=&#8221;full&#8221;][mk_image src=&#8221;https:\/\/fluffypurr-cattery.eu\/wp-content\/uploads\/2017\/04\/1.jpg&#8221; image_size=&#8221;full&#8221;][mk_image src=&#8221;https:\/\/fluffypurr-cattery.eu\/wp-content\/uploads\/2017\/08\/jsmin-5.jpg&#8221; image_size=&#8221;full&#8221;][mk_image src=&#8221;https:\/\/fluffypurr-cattery.eu\/wp-content\/uploads\/2017\/08\/jasmin-2.jpg&#8221; image_size=&#8221;full&#8221;][mk_image src=&#8221;https:\/\/fluffypurr-cattery.eu\/wp-content\/uploads\/2017\/08\/jasmin-1.jpg&#8221; image_size=&#8221;full&#8221;]<\/div><\/div>            <script type=\"text\/javascript\">\r\n\t\t\t\tjQuery(document).ready(function($){\r\n               \t\t$('.ult-carousel-65220092769e370b0bd8c8').slick({dots: false,autoplaySpeed: 5000,speed: 300,infinite: true,arrows: true,nextArrow: '<button type=\"button\" style=\"color:#333333; font-size:20px;\" class=\"slick-next default\"><i class=\"ultsl-arrow-right4\"><\/i><\/button>',prevArrow: '<button type=\"button\" style=\"color:#333333; font-size:20px;\" class=\"slick-prev default\"><i class=\"ultsl-arrow-left4\"><\/i><\/button>',slidesToScroll:1,slidesToShow:1,swipe: true,draggable: true,touchMove: true,responsive: [\r\n\t\t\t\t\t\t\t{\r\n\t\t\t\t\t\t\t  breakpoint: 1025,\r\n\t\t\t\t\t\t\t  settings: {\r\n\t\t\t\t\t\t\t\tslidesToShow: 1,\r\n\t\t\t\t\t\t\t\tslidesToScroll: 1,  \r\n\t\t\t\t\t\t\t  }\r\n\t\t\t\t\t\t\t},\r\n\t\t\t\t\t\t\t{\r\n\t\t\t\t\t\t\t  breakpoint: 769,\r\n\t\t\t\t\t\t\t  settings: {\r\n\t\t\t\t\t\t\t\tslidesToShow: 1,\r\n\t\t\t\t\t\t\t\tslidesToScroll: 1\r\n\t\t\t\t\t\t\t  }\r\n\t\t\t\t\t\t\t},\r\n\t\t\t\t\t\t\t{\r\n\t\t\t\t\t\t\t  breakpoint: 481,\r\n\t\t\t\t\t\t\t  settings: {\r\n\t\t\t\t\t\t\t\tslidesToShow: 1,\r\n\t\t\t\t\t\t\t\tslidesToScroll: 1\r\n\t\t\t\t\t\t\t  }\r\n\t\t\t\t\t\t\t}\r\n\t\t\t\t\t\t],pauseOnHover: true,\r\n\t\t\t\t\t\tpauseOnDotsHover: true,customPaging: function(slider, i) {\r\n                   return '<i type=\"button\" style=\"color:#333333;\" class=\"ultsl-record\" data-role=\"none\"><\/i>';\r\n                },});\r\n\t\t\t\t});\r\n\t\t\t<\/script>\r\n            [\/vc_column][vc_column width=&#8221;1\/12&#8243;][\/vc_column][\/mk_page_section][mk_page_section full_width=&#8221;true&#8221; padding_top=&#8221;50&#8243; padding_bottom=&#8221;100&#8243; sidebar=&#8221;sidebar-1&#8243;][vc_column width=&#8221;1\/12&#8243;][\/vc_column][vc_column width=&#8221;5\/12&#8243;]<div id=\"ult-carousel-121793128669e370b0bd972\" class=\"ult-carousel-wrapper   ult_horizontal\" data-gutter=\"15\" data-rtl=\"false\" ><div class=\"ult-carousel-170598070169e370b0bd96a \" >[mk_image src=&#8221;https:\/\/fluffypurr-cattery.eu\/wp-content\/uploads\/2017\/04\/yuki_main.jpg&#8221; image_size=&#8221;full&#8221;][mk_image src=&#8221;https:\/\/fluffypurr-cattery.eu\/wp-content\/uploads\/2017\/04\/2-1.jpg&#8221; image_size=&#8221;full&#8221;][mk_image src=&#8221;https:\/\/fluffypurr-cattery.eu\/wp-content\/uploads\/2017\/04\/5-1.jpg&#8221; image_size=&#8221;full&#8221;][mk_image src=&#8221;https:\/\/fluffypurr-cattery.eu\/wp-content\/uploads\/2017\/04\/6-1.jpg&#8221; image_size=&#8221;full&#8221;][mk_image src=&#8221;https:\/\/fluffypurr-cattery.eu\/wp-content\/uploads\/2017\/04\/4-1.jpg&#8221; image_size=&#8221;full&#8221;][mk_image src=&#8221;https:\/\/fluffypurr-cattery.eu\/wp-content\/uploads\/2017\/04\/3-1.jpg&#8221; image_size=&#8221;full&#8221;][mk_image src=&#8221;https:\/\/fluffypurr-cattery.eu\/wp-content\/uploads\/2017\/04\/7-1.jpg&#8221; image_size=&#8221;full&#8221;][mk_image src=&#8221;https:\/\/fluffypurr-cattery.eu\/wp-content\/uploads\/2017\/04\/1-1.jpg&#8221; image_size=&#8221;full&#8221;][mk_image src=&#8221;https:\/\/fluffypurr-cattery.eu\/wp-content\/uploads\/2017\/08\/img_4793-e1502287741375.jpg&#8221; image_size=&#8221;full&#8221;][mk_image src=&#8221;https:\/\/fluffypurr-cattery.eu\/wp-content\/uploads\/2017\/08\/img_4944.jpg&#8221; image_size=&#8221;full&#8221;]<\/div><\/div>            <script type=\"text\/javascript\">\r\n\t\t\t\tjQuery(document).ready(function($){\r\n               \t\t$('.ult-carousel-170598070169e370b0bd96a').slick({dots: false,autoplaySpeed: 5000,speed: 300,infinite: true,arrows: true,nextArrow: '<button type=\"button\" style=\"color:#333333; font-size:20px;\" class=\"slick-next default\"><i class=\"ultsl-arrow-right4\"><\/i><\/button>',prevArrow: '<button type=\"button\" style=\"color:#333333; font-size:20px;\" class=\"slick-prev default\"><i class=\"ultsl-arrow-left4\"><\/i><\/button>',slidesToScroll:1,slidesToShow:1,swipe: true,draggable: true,touchMove: true,responsive: [\r\n\t\t\t\t\t\t\t{\r\n\t\t\t\t\t\t\t  breakpoint: 1025,\r\n\t\t\t\t\t\t\t  settings: {\r\n\t\t\t\t\t\t\t\tslidesToShow: 1,\r\n\t\t\t\t\t\t\t\tslidesToScroll: 1,  \r\n\t\t\t\t\t\t\t  }\r\n\t\t\t\t\t\t\t},\r\n\t\t\t\t\t\t\t{\r\n\t\t\t\t\t\t\t  breakpoint: 769,\r\n\t\t\t\t\t\t\t  settings: {\r\n\t\t\t\t\t\t\t\tslidesToShow: 1,\r\n\t\t\t\t\t\t\t\tslidesToScroll: 1\r\n\t\t\t\t\t\t\t  }\r\n\t\t\t\t\t\t\t},\r\n\t\t\t\t\t\t\t{\r\n\t\t\t\t\t\t\t  breakpoint: 481,\r\n\t\t\t\t\t\t\t  settings: {\r\n\t\t\t\t\t\t\t\tslidesToShow: 1,\r\n\t\t\t\t\t\t\t\tslidesToScroll: 1\r\n\t\t\t\t\t\t\t  }\r\n\t\t\t\t\t\t\t}\r\n\t\t\t\t\t\t],pauseOnHover: true,\r\n\t\t\t\t\t\tpauseOnDotsHover: true,customPaging: function(slider, i) {\r\n                   return '<i type=\"button\" style=\"color:#333333;\" class=\"ultsl-record\" data-role=\"none\"><\/i>';\r\n                },});\r\n\t\t\t\t});\r\n\t\t\t<\/script>\r\n            [\/vc_column][vc_column width=&#8221;5\/12&#8243; css=&#8221;.vc_custom_1493839399481{margin-left: 30px !important;}&#8221;][mk_padding_divider size=&#8221;70&#8243;][mk_fancy_title color=&#8221;#282828&#8243; size=&#8221;40&#8243; force_font_size=&#8221;true&#8221; size_smallscreen=&#8221;20&#8243; size_tablet=&#8221;20&#8243; size_phone=&#8221;20&#8243; font_weight=&#8221;bold&#8221; txt_transform=&#8221;uppercase&#8221; font_family=&#8221;none&#8221; responsive_align=&#8221;left&#8221;]In Ch WCF Golden Ray Yuki[\/mk_fancy_title][vc_column_text]\n<h4>Golden Shaded \u0160IN\u0160ILLA<\/h4>\n<p>Kullakarva karvake, h\u00e4mmastavad smaragd-rohelised silmad, l\u00fchike ninake.<br \/>\nV\u00e4ga kallis kitty, armastab m\u00e4ngida, v\u00e4ga uudishimulik ja alati esimene k\u00f5ikjal! Meie p\u00e4ike! Me armastame teda v\u00e4ga!<br \/>\n[\/vc_column_text][mk_button_gradient dimension=&#8221;flat&#8221; size=&#8221;medium&#8221; corner_style=&#8221;full_rounded&#8221; grandient_color_from=&#8221;#8f51b6&#8243; grandient_color_to=&#8221;#d483be&#8221; grandient_color_angle=&#8221;diagonal_left_top&#8221; url=&#8221;https:\/\/fluffypurr-cattery.eu\/wp-content\/uploads\/2017\/08\/juki.pdf&#8221; target=&#8221;_blank&#8221; margin_top=&#8221;10&#8243; margin_bottom=&#8221;0&#8243;]Sugupuu[\/mk_button_gradient][mk_button_gradient dimension=&#8221;flat&#8221; size=&#8221;medium&#8221; corner_style=&#8221;full_rounded&#8221; grandient_color_from=&#8221;#8f51b6&#8243; grandient_color_to=&#8221;#d483be&#8221; grandient_color_angle=&#8221;diagonal_left_top&#8221; url=&#8221;https:\/\/fluffypurr-cattery.eu\/wp-content\/uploads\/2017\/05\/yuki-champ.pdf&#8221; target=&#8221;_blank&#8221; margin_top=&#8221;10&#8243; margin_bottom=&#8221;0&#8243;]T\u0161empioni tunnistus[\/mk_button_gradient][mk_button_gradient dimension=&#8221;flat&#8221; size=&#8221;medium&#8221; corner_style=&#8221;full_rounded&#8221; grandient_color_from=&#8221;#8f51b6&#8243; grandient_color_to=&#8221;#d483be&#8221; grandient_color_angle=&#8221;diagonal_left_top&#8221; url=&#8221;https:\/\/fluffypurr-cattery.eu\/wp-content\/uploads\/2017\/05\/yuki-inter-champ.pdf&#8221; target=&#8221;_blank&#8221; margin_top=&#8221;10&#8243; margin_bottom=&#8221;0&#8243;]Inter- \u0161empioni tunnistus[\/mk_button_gradient][\/vc_column][vc_column width=&#8221;1\/12&#8243;][\/vc_column][\/mk_page_section]\n","protected":false},"excerpt":{"rendered":"<p>[mk_page_section full_width=&#8221;true&#8221; padding_top=&#8221;100&#8243; padding_bottom=&#8221;50&#8243; sidebar=&#8221;sidebar-1&#8243;][vc_column width=&#8221;1\/12&#8243;][\/vc_column][vc_column width=&#8221;5\/12&#8243; css=&#8221;.vc_custom_1497459923196{margin-right: 30px !important;padding-bottom: 15px !important;}&#8221;][mk_padding_divider size=&#8221;70&#8243;][mk_fancy_title color=&#8221;#282828&#8243; size=&#8221;40&#8243; force_font_size=&#8221;true&#8221; size_smallscreen=&#8221;20&#8243; size_tablet=&#8221;20&#8243; size_phone=&#8221;20&#8243; font_weight=&#8221;bold&#8221; txt_transform=&#8221;uppercase&#8221; font_family=&#8221;none&#8221; responsive_align=&#8221;left&#8221;]CH WCF Jasmin Snow Dream[\/mk_fancy_title][vc_column_text]\u0160in\u0161illa kassikene, suurep\u00e4rase valge karvaga ja kerge, veidi n\u00e4htava tumeda looriga seljal. Suurte smaragd-roheliste silmade omanik, milledesse on v\u00f5imatu mitte armuda! Kaasaegne t\u00fc\u00fcp \u00abBabe\u00a0Face\u00bb. Meie esmas\u00fcndinu. V\u00e4ga tark, iseloomuga, [&hellip;]<\/p>\n","protected":false},"author":1,"featured_media":0,"parent":0,"menu_order":0,"comment_status":"closed","ping_status":"closed","template":"","meta":{"inline_featured_image":false,"footnotes":""},"_links":{"self":[{"href":"https:\/\/fluffypurr-cattery.eu\/et\/wp-json\/wp\/v2\/pages\/608"}],"collection":[{"href":"https:\/\/fluffypurr-cattery.eu\/et\/wp-json\/wp\/v2\/pages"}],"about":[{"href":"https:\/\/fluffypurr-cattery.eu\/et\/wp-json\/wp\/v2\/types\/page"}],"author":[{"embeddable":true,"href":"https:\/\/fluffypurr-cattery.eu\/et\/wp-json\/wp\/v2\/users\/1"}],"replies":[{"embeddable":true,"href":"https:\/\/fluffypurr-cattery.eu\/et\/wp-json\/wp\/v2\/comments?post=608"}],"version-history":[{"count":4,"href":"https:\/\/fluffypurr-cattery.eu\/et\/wp-json\/wp\/v2\/pages\/608\/revisions"}],"predecessor-version":[{"id":658,"href":"https:\/\/fluffypurr-cattery.eu\/et\/wp-json\/wp\/v2\/pages\/608\/revisions\/658"}],"wp:attachment":[{"href":"https:\/\/fluffypurr-cattery.eu\/et\/wp-json\/wp\/v2\/media?parent=608"}],"curies":[{"name":"wp","href":"https:\/\/api.w.org\/{rel}","templated":true}]}}